{"id":4050,"date":"2025-02-11T16:31:15","date_gmt":"2025-02-11T16:31:15","guid":{"rendered":"https:\/\/epsaccounting.com\/?page_id=4050"},"modified":"2025-02-19T21:34:36","modified_gmt":"2025-02-19T21:34:36","slug":"terms","status":"publish","type":"page","link":"https:\/\/epsaccounting.com\/en\/terms\/","title":{"rendered":"Terminos y condiciones"},"content":{"rendered":"<div data-elementor-type=\"wp-page\" data-elementor-id=\"4050\" class=\"elementor elementor-4050\" data-elementor-post-type=\"page\">\n\t\t\t\t<div class=\"elementor-element elementor-element-6afa495 e-flex e-con-boxed e-con e-parent\" data-id=\"6afa495\" data-element_type=\"container\" data-e-type=\"container\" data-settings=\"{&quot;_ob_glider_is_slider&quot;:&quot;no&quot;}\">\n\t\t\t\t\t<div class=\"e-con-inner\">\n\t\t\t\t<div class=\"elementor-element elementor-element-3b25fb6 ob-harakiri-inherit ob-has-background-overlay elementor-widget elementor-widget-text-editor\" data-id=\"3b25fb6\" data-element_type=\"widget\" data-e-type=\"widget\" data-settings=\"{&quot;_ob_use_harakiri&quot;:&quot;yes&quot;,&quot;_ob_harakiri_writing_mode&quot;:&quot;inherit&quot;,&quot;_ob_postman_use&quot;:&quot;no&quot;,&quot;_ob_poopart_use&quot;:&quot;yes&quot;}\" data-widget_type=\"text-editor.default\">\n\t\t\t\t<div class=\"elementor-widget-container\">\n\t\t\t\t\t\t\t\t\t<p style=\"text-align: center;\"><strong>CONTRATO DE CONSENTIMIENTO PARA EL ENV\u00cdO DE MENSAJES SMS<\/strong><\/p>\n<p style=\"text-align: left;\">Este contrato de consentimiento (en adelante, el \u00abContrato\u00bb) se celebra entre: Enterprise Solutions Accounting, con domicilio en 3048 S. Broad St., Hamilton, NJ 08610, representada por Henry Pulido, en su calidad de Presidente, en adelante denominada \u00abLA EMPRESA\u00bb; y EL CLIENTE, cuyos datos de identificaci\u00f3n y domicilio ser\u00e1n completados al momento de la firma del presente contrato, en adelante denominado \u00abEL CLIENTE\u00bb.<br>Las partes acuerdan lo siguiente:<\/p>\n<p style=\"text-align: left;\"><br><b>1. OBJETO DEL CONTRATO<\/b><\/p>\n<p style=\"text-align: left;\"><b><br><\/b>EL CLIENTE otorga su consentimiento expreso y voluntario a LA EMPRESA para el env\u00edo de mensajes de texto (SMS) a su n\u00famero de tel\u00e9fono con el prop\u00f3sito de recibir informaci\u00f3n relevante, incluyendo, pero no limitado a:<br><\/p>\n<ul>\n<li>&nbsp;Promociones y ofertas especiales.<\/li>\n<li>&nbsp;Recordatorios de citas o servicios.<\/li>\n<li>&nbsp;Informaci\u00f3n sobre productos y servicios.<\/li>\n<li>&nbsp;Notificaciones de seguridad o alertas importantes.<\/li>\n<li>&nbsp;Comunicaciones relacionadas con transacciones o gestiones administrativas.<\/li>\n<li><br><\/li>\n<\/ul>\n<p><b>2. CONSENTIMIENTO Y ACEPTACI\u00d3N<\/b><\/p>\n<p style=\"text-align: left;\"><b><br><\/b>2.1. EL CLIENTE declara que ha sido informado de manera clara y suficiente sobre el prop\u00f3sito del env\u00edo de SMS y otorga su consentimiento expreso y voluntario para recibir dichas comunicaciones.<br>2.2. EL CLIENTE reconoce que la recepci\u00f3n de los mensajes puede implicar costos adicionales dependiendo del plan de su proveedor de telefon\u00eda m\u00f3vil y que LA&nbsp;EMPRESA no se hace responsable de dichos costos.<br>2.3. EL CLIENTE manifiesta que es titular o usuario autorizado del n\u00famero de tel\u00e9fono proporcionado y que tiene la capacidad legal para otorgar el presente consentimiento.<br>2.4. EL CLIENTE reconoce que el consentimiento no es una condici\u00f3n para la compra de bienes o servicios.<br><b>3. DERECHOS DEL CLIENTE<br><\/b>3.1. EL CLIENTE tiene el derecho de revocar en cualquier momento su consentimiento<br>para la recepci\u00f3n de SMS enviando una solicitud a LA EMPRESA a trav\u00e9s de los<br>siguientes medios:<br>\u2022 Enviando un mensaje con la palabra \u00abSTOP\u00bb al n\u00famero indicado en los mensajes<br>recibidos.<br>\u2022 Contactando al servicio de atenci\u00f3n al cliente en info@epsaccounting.com<\/p><p style=\"text-align: left;\">3.2. Una vez recibida la solicitud de revocaci\u00f3n, LA EMPRESA cesar\u00e1 el env\u00edo de<br>mensajes SMS en un plazo m\u00e1ximo de 10 d\u00edas h\u00e1biles.<br>3.3. EL CLIENTE puede solicitar informaci\u00f3n sobre los mensajes enviados respondiendo<br>con la palabra \u00abHELP\u00bb.<\/p><p style=\"text-align: left;\"><br><b>4. POL\u00cdTICA DE PRIVACIDAD Y PROTECCI\u00d3N DE DATOS<\/b><\/p><p style=\"text-align: left;\"><b><br><\/b>4.1. LA EMPRESA se compromete a tratar los datos personales de EL CLIENTE conforme<br>a lo establecido en la Ley de Protecci\u00f3n de la Privacidad del Consumidor de EE.UU. y<br>otras regulaciones aplicables, como la Ley de Protecci\u00f3n del Consumidor Telef\u00f3nico<br>(TCPA) y la Ley de Privacidad del Consumidor de California (CCPA).<br>4.2. Los datos proporcionados por EL CLIENTE ser\u00e1n utilizados exclusivamente para los<br>fines indicados en este Contrato y no ser\u00e1n compartidos con terceros sin su<br>autorizaci\u00f3n expresa, salvo requerimiento legal.<br><b>5. VIGENCIA Y MODIFICACI\u00d3N<br><\/b>5.1. El presente Contrato entrar\u00e1 en vigor a partir de la fecha de firma y permanecer\u00e1<br>vigente hasta que EL CLIENTE revoque su consentimiento o LA EMPRESA deje de<br>prestar el servicio de env\u00edo de SMS.<br>5.2. LA EMPRESA se reserva el derecho de modificar las condiciones del presente<br>Contrato, notificando previamente a EL CLIENTE con 30 d\u00edas de anticipaci\u00f3n. En caso de<br>no aceptar las modificaciones, EL CLIENTE podr\u00e1 revocar su consentimiento de acuerdo<br>con la cl\u00e1usula 3.<br><b>6. LEGISLACI\u00d3N APLICABLE Y JURISDICCI\u00d3N<br><\/b>6.1. Este Contrato se regir\u00e1 por las leyes del Estado de New Jersey y cualquier<br>controversia derivada del mismo ser\u00e1 resuelta ante los tribunales competentes de<br>Hamilton, NJ.<br>6.2. EL CLIENTE reconoce y acepta que este es un contrato digital, y al marcar la casilla<br>de aceptaci\u00f3n en el formulario correspondiente, expresa su consentimiento expreso y<br>voluntario, teniendo la misma validez legal que una firma manuscrita.<br>6.3. EL CLIENTE reconoce haber le\u00eddo, comprendido y aceptado los t\u00e9rminos y<br>condiciones aqu\u00ed establecidos antes de proporcionar su consentimiento.<\/p>\t\t\t\t\t\t\t\t<\/div>\n\t\t\t\t<\/div>\n\t\t\t\t\t<\/div>\n\t\t\t\t<\/div>\n\t\t\t\t<\/div>","protected":false},"excerpt":{"rendered":"<p>CONTRATO DE CONSENTIMIENTO PARA EL ENV\u00cdO DE MENSAJES SMS Este contrato de consentimiento (en adelante, el \u00abContrato\u00bb) se celebra entre: Enterprise Solutions Accounting, con domicilio en 3048 S. Broad St., Hamilton, NJ 08610, representada por Henry Pulido, en su calidad de Presidente, en adelante denominada \u00abLA EMPRESA\u00bb; y EL CLIENTE, cuyos datos de identificaci\u00f3n y [&hellip;]<\/p>\n","protected":false},"author":1,"featured_media":0,"parent":0,"menu_order":0,"comment_status":"closed","ping_status":"closed","template":"","meta":{"footnotes":""},"class_list":["post-4050","page","type-page","status-publish","hentry"],"yoast_head":"<!-- This site is optimized with the Yoast SEO plugin v27.5 - https:\/\/yoast.com\/product\/yoast-seo-wordpress\/ -->\n<title>Terminos y condiciones - Accounting Services Near Me<\/title>\n<meta name=\"robots\" content=\"index, follow, max-snippet:-1, max-image-preview:large, max-video-preview:-1\" \/>\n<link rel=\"canonical\" href=\"https:\/\/epsaccounting.com\/en\/terms\/\" \/>\n<meta property=\"og:locale\" content=\"en_US\" \/>\n<meta property=\"og:type\" content=\"article\" \/>\n<meta property=\"og:title\" content=\"Terminos y condiciones - Accounting Services Near Me\" \/>\n<meta property=\"og:description\" content=\"CONTRATO DE CONSENTIMIENTO PARA EL ENV\u00cdO DE MENSAJES SMS Este contrato de consentimiento (en adelante, el \u00abContrato\u00bb) se celebra entre: Enterprise Solutions Accounting, con domicilio en 3048 S. Broad St., Hamilton, NJ 08610, representada por Henry Pulido, en su calidad de Presidente, en adelante denominada \u00abLA EMPRESA\u00bb; y EL CLIENTE, cuyos datos de identificaci\u00f3n y [&hellip;]\" \/>\n<meta property=\"og:url\" content=\"https:\/\/epsaccounting.com\/en\/terms\/\" \/>\n<meta property=\"og:site_name\" content=\"Accounting Services Near Me\" \/>\n<meta property=\"article:modified_time\" content=\"2025-02-19T21:34:36+00:00\" \/>\n<meta name=\"twitter:card\" content=\"summary_large_image\" \/>\n<meta name=\"twitter:label1\" content=\"Est. reading time\" \/>\n\t<meta name=\"twitter:data1\" content=\"3 minutes\" \/>\n<script type=\"application\/ld+json\" class=\"yoast-schema-graph\">{\"@context\":\"https:\\\/\\\/schema.org\",\"@graph\":[{\"@type\":\"WebPage\",\"@id\":\"https:\\\/\\\/epsaccounting.com\\\/terms\\\/\",\"url\":\"https:\\\/\\\/epsaccounting.com\\\/terms\\\/\",\"name\":\"Terminos y condiciones - Accounting Services Near Me\",\"isPartOf\":{\"@id\":\"https:\\\/\\\/epsaccounting.com\\\/#website\"},\"datePublished\":\"2025-02-11T16:31:15+00:00\",\"dateModified\":\"2025-02-19T21:34:36+00:00\",\"breadcrumb\":{\"@id\":\"https:\\\/\\\/epsaccounting.com\\\/terms\\\/#breadcrumb\"},\"inLanguage\":\"en-US\",\"potentialAction\":[{\"@type\":\"ReadAction\",\"target\":[\"https:\\\/\\\/epsaccounting.com\\\/terms\\\/\"]}]},{\"@type\":\"BreadcrumbList\",\"@id\":\"https:\\\/\\\/epsaccounting.com\\\/terms\\\/#breadcrumb\",\"itemListElement\":[{\"@type\":\"ListItem\",\"position\":1,\"name\":\"Portada\",\"item\":\"https:\\\/\\\/epsaccounting.com\\\/\"},{\"@type\":\"ListItem\",\"position\":2,\"name\":\"Terminos y condiciones\"}]},{\"@type\":\"WebSite\",\"@id\":\"https:\\\/\\\/epsaccounting.com\\\/#website\",\"url\":\"https:\\\/\\\/epsaccounting.com\\\/\",\"name\":\"Accounting Services Near Me\",\"description\":\"Accounting Services\",\"publisher\":{\"@id\":\"https:\\\/\\\/epsaccounting.com\\\/#organization\"},\"potentialAction\":[{\"@type\":\"SearchAction\",\"target\":{\"@type\":\"EntryPoint\",\"urlTemplate\":\"https:\\\/\\\/epsaccounting.com\\\/?s={search_term_string}\"},\"query-input\":{\"@type\":\"PropertyValueSpecification\",\"valueRequired\":true,\"valueName\":\"search_term_string\"}}],\"inLanguage\":\"en-US\"},{\"@type\":\"Organization\",\"@id\":\"https:\\\/\\\/epsaccounting.com\\\/#organization\",\"name\":\"Accounting Services Near Me\",\"url\":\"https:\\\/\\\/epsaccounting.com\\\/\",\"logo\":{\"@type\":\"ImageObject\",\"inLanguage\":\"en-US\",\"@id\":\"https:\\\/\\\/epsaccounting.com\\\/#\\\/schema\\\/logo\\\/image\\\/\",\"url\":\"https:\\\/\\\/epsaccounting.com\\\/wp-content\\\/uploads\\\/2021\\\/11\\\/LOGO-ENTERPRISE-INSURANCE-AGENCY.png\",\"contentUrl\":\"https:\\\/\\\/epsaccounting.com\\\/wp-content\\\/uploads\\\/2021\\\/11\\\/LOGO-ENTERPRISE-INSURANCE-AGENCY.png\",\"width\":1500,\"height\":376,\"caption\":\"Accounting Services Near Me\"},\"image\":{\"@id\":\"https:\\\/\\\/epsaccounting.com\\\/#\\\/schema\\\/logo\\\/image\\\/\"}}]}<\/script>\n<!-- \/ Yoast SEO plugin. -->","yoast_head_json":{"title":"Terminos y condiciones - Accounting Services Near Me","robots":{"index":"index","follow":"follow","max-snippet":"max-snippet:-1","max-image-preview":"max-image-preview:large","max-video-preview":"max-video-preview:-1"},"canonical":"https:\/\/epsaccounting.com\/en\/terms\/","og_locale":"en_US","og_type":"article","og_title":"Terminos y condiciones - Accounting Services Near Me","og_description":"CONTRATO DE CONSENTIMIENTO PARA EL ENV\u00cdO DE MENSAJES SMS Este contrato de consentimiento (en adelante, el \u00abContrato\u00bb) se celebra entre: Enterprise Solutions Accounting, con domicilio en 3048 S. Broad St., Hamilton, NJ 08610, representada por Henry Pulido, en su calidad de Presidente, en adelante denominada \u00abLA EMPRESA\u00bb; y EL CLIENTE, cuyos datos de identificaci\u00f3n y [&hellip;]","og_url":"https:\/\/epsaccounting.com\/en\/terms\/","og_site_name":"Accounting Services Near Me","article_modified_time":"2025-02-19T21:34:36+00:00","twitter_card":"summary_large_image","twitter_misc":{"Est. reading time":"3 minutes"},"schema":{"@context":"https:\/\/schema.org","@graph":[{"@type":"WebPage","@id":"https:\/\/epsaccounting.com\/terms\/","url":"https:\/\/epsaccounting.com\/terms\/","name":"Terminos y condiciones - Accounting Services Near Me","isPartOf":{"@id":"https:\/\/epsaccounting.com\/#website"},"datePublished":"2025-02-11T16:31:15+00:00","dateModified":"2025-02-19T21:34:36+00:00","breadcrumb":{"@id":"https:\/\/epsaccounting.com\/terms\/#breadcrumb"},"inLanguage":"en-US","potentialAction":[{"@type":"ReadAction","target":["https:\/\/epsaccounting.com\/terms\/"]}]},{"@type":"BreadcrumbList","@id":"https:\/\/epsaccounting.com\/terms\/#breadcrumb","itemListElement":[{"@type":"ListItem","position":1,"name":"Portada","item":"https:\/\/epsaccounting.com\/"},{"@type":"ListItem","position":2,"name":"Terminos y condiciones"}]},{"@type":"WebSite","@id":"https:\/\/epsaccounting.com\/#website","url":"https:\/\/epsaccounting.com\/","name":"Accounting Services Near Me","description":"Accounting Services","publisher":{"@id":"https:\/\/epsaccounting.com\/#organization"},"potentialAction":[{"@type":"SearchAction","target":{"@type":"EntryPoint","urlTemplate":"https:\/\/epsaccounting.com\/?s={search_term_string}"},"query-input":{"@type":"PropertyValueSpecification","valueRequired":true,"valueName":"search_term_string"}}],"inLanguage":"en-US"},{"@type":"Organization","@id":"https:\/\/epsaccounting.com\/#organization","name":"Accounting Services Near Me","url":"https:\/\/epsaccounting.com\/","logo":{"@type":"ImageObject","inLanguage":"en-US","@id":"https:\/\/epsaccounting.com\/#\/schema\/logo\/image\/","url":"https:\/\/epsaccounting.com\/wp-content\/uploads\/2021\/11\/LOGO-ENTERPRISE-INSURANCE-AGENCY.png","contentUrl":"https:\/\/epsaccounting.com\/wp-content\/uploads\/2021\/11\/LOGO-ENTERPRISE-INSURANCE-AGENCY.png","width":1500,"height":376,"caption":"Accounting Services Near Me"},"image":{"@id":"https:\/\/epsaccounting.com\/#\/schema\/logo\/image\/"}}]}},"_links":{"self":[{"href":"https:\/\/epsaccounting.com\/en\/wp-json\/wp\/v2\/pages\/4050","targetHints":{"allow":["GET"]}}],"collection":[{"href":"https:\/\/epsaccounting.com\/en\/wp-json\/wp\/v2\/pages"}],"about":[{"href":"https:\/\/epsaccounting.com\/en\/wp-json\/wp\/v2\/types\/page"}],"author":[{"embeddable":true,"href":"https:\/\/epsaccounting.com\/en\/wp-json\/wp\/v2\/users\/1"}],"replies":[{"embeddable":true,"href":"https:\/\/epsaccounting.com\/en\/wp-json\/wp\/v2\/comments?post=4050"}],"version-history":[{"count":11,"href":"https:\/\/epsaccounting.com\/en\/wp-json\/wp\/v2\/pages\/4050\/revisions"}],"predecessor-version":[{"id":4066,"href":"https:\/\/epsaccounting.com\/en\/wp-json\/wp\/v2\/pages\/4050\/revisions\/4066"}],"wp:attachment":[{"href":"https:\/\/epsaccounting.com\/en\/wp-json\/wp\/v2\/media?parent=4050"}],"curies":[{"name":"wp","href":"https:\/\/api.w.org\/{rel}","templated":true}]}}